{"id":11329,"date":"2025-09-22T14:58:16","date_gmt":"2025-09-22T12:58:16","guid":{"rendered":"http:\/\/lapalma.apanymantel.info\/?page_id=11329"},"modified":"2025-09-22T14:58:16","modified_gmt":"2025-09-22T12:58:16","slug":"politica-de-cookies","status":"publish","type":"page","link":"http:\/\/pastisserialapalma.com\/cat\/politica-de-cookies\/","title":{"rendered":"Pol\u00edtica de Cookies"},"content":{"rendered":"<p><strong>Uso de cookies<\/strong><br>En nuestro sitio web utilizamos cookies propias y terceros (Google Analytics) para mejorar tu experiencia de usuario y recoger datos estad\u00edsticos sobre el uso de nuestra web por parte de los usuarios. Las cookies se asocian \u00fanicamente al navegador que est\u00e1 utilizando, de modo que no se almacena ning\u00fan tipo de datos personales sobre el usuario que visita nuestra p\u00e1gina web. Usted puede configurar su navegador para que notifique y\/o rechace la instalaci\u00f3n de las cookies, sin que ello perjudique la posibilidad del usuario de poder acceder a las distintas zonas de la web, excepto al servicio de chat de soporte t\u00e9cnico.<\/p>\n\n\n\n<p>Si navegas por nuestra web, estar\u00e1s aceptando el uso de las cookies en las condiciones establecidas en esta&nbsp;<strong>Pol\u00edtica de Cookies.<\/strong>&nbsp;Esta pol\u00edtica puede ser actualizada, por lo que te invitamos a revisarla de forma regular.<br><strong>\u00bfQu\u00e9 son las cookies?<\/strong><br>Son peque\u00f1os ficheros de datos que el servidor de Internet env\u00eda al dispositivo con el que te conectas a nuestras webs y que \u00e9ste archiva. Se asocian \u00fanicamente a tu navegador y no proporcionan por s\u00ed mismas datos personales. Las cookies no pueden da\u00f1ar tu dispositivo y adem\u00e1s son muy \u00fatiles, ya que nos ayudan a identificar y resolver errores.<\/p>\n\n\n\n<p>Si quieres m\u00e1s informaci\u00f3n sobre su funcionamiento, te recomendamos visitar&nbsp;<a href=\"http:\/\/www.allaboutcookies.org\/\" target=\"_blank\" rel=\"noreferrer noopener\"><strong>www.allaboutcookies.org&nbsp;<\/strong><\/a>y&nbsp;<a href=\"http:\/\/www.youronlinechoices.eu\/es\/\" target=\"_blank\" rel=\"noreferrer noopener\"><strong>www.youronlinechoices.eu<\/strong><\/a><br><strong>Cookies de redes sociales<\/strong><br>En nuestra p\u00e1gina web se incluyen botones que los usuarios pueden utilizar, de forma sencilla e intuitiva, para enlazar y compartir ciertos contenidos en las redes sociales como Facebook, Twitter, Google+, LinkedIn o Pinterest. Esta funcionalidad conlleva el uso de cookies que enlazan con las p\u00e1ginas web de estas redes sociales, almacenando la informaci\u00f3n \u00fanicamente en ellas.<br><strong>Configuraci\u00f3n de las cookies<\/strong><br>Puedes consultar los pasos para deshabilitar la instalaci\u00f3n de cookies en la secci\u00f3n de \u201cAyuda\u201d de tu navegador: Microsoft Internet Explorer, Google Chrome, Safari, Mozilla Firefox y Opera.<\/p>\n\n\n\n<p>Muchos navegadores permiten activar un modo privado mediante el cual las cookies se borran siempre despu\u00e9s de tu visita a la web. Dependiendo de cada navegador este modo privado puede tener diferentes nombres. A continuaci\u00f3n encontrar\u00e1 una lista de los navegadores m\u00e1s comunes y los diferentes nombres de este \u201cmodo privado\u201d:<\/p>\n\n\n\n<ul class=\"wp-block-list\">\n<li>Internet Explorer 8 y superior \u2013 InPrivate<\/li>\n\n\n\n<li>Microsoft Edge<\/li>\n\n\n\n<li>Opera 10.5 y superior \u2013 Navegaci\u00f3n Privada<\/li>\n\n\n\n<li>Google Chrome 10 y superior \u2013 Inc\u00f3gnito<\/li>\n\n\n\n<li>Safari 2 y superior \u2013 Navegaci\u00f3n Privada<\/li>\n\n\n\n<li>Firefox 3.5 y superior \u2013 Navegaci\u00f3n Privada<\/li>\n<\/ul>\n\n\n\n<p>A continuaci\u00f3n os detallamos la relaci\u00f3n de cookies utilizadas por este sitio web.<\/p>\n\n\n\n<figure class=\"wp-block-table\"><table class=\"has-fixed-layout\"><thead><tr><th>Cookie<\/th><th>Tipo<\/th><th>Duraci\u00f3n<\/th><th>Descripci\u00f3n<\/th><\/tr><\/thead><tbody><tr><td>qsaw<\/td><td>Propia<\/td><td>3 d\u00edas<\/td><td>Control de accesos desde Google Adwords<\/td><\/tr><tr><td>qsfb<\/td><td>Propia<\/td><td>3 d\u00edas<\/td><td>Control de accesos desde Facebook<\/td><\/tr><tr><td>_utmc<\/td><td>De terceros<\/td><td>Al finalizar la sesi\u00f3n de navegaci\u00f3n<\/td><td>Utilizada por Google Analytics.<\/td><\/tr><tr><td>_utmv<\/td><td>De terceros<\/td><td>6 meses<\/td><td>Utilizada por Google Analytics<\/td><\/tr><tr><td>_utmz<\/td><td>De terceros<\/td><td>2 a\u00f1os<\/td><td>Utilizada por Google Analytics<\/td><\/tr><tr><td>__utma<\/td><td>De terceros<\/td><td>2 a\u00f1os<\/td><td>Utilizada por Google Analytics.<\/td><\/tr><tr><td>__utmb<\/td><td>De terceros<\/td><td>30 minutos<\/td><td>Utilizada por Google Analytics.<\/td><\/tr><\/tbody><\/table><\/figure>\n\n\n\n<h2 class=\"wp-block-heading\">Catal\u00e1<\/h2>\n\n\n\n<p><strong>\u00das de cookies<\/strong><strong><\/strong><\/p>\n\n\n\n<p><strong><\/strong><br>En el nostre lloc web utilitzem cookies pr\u00f2pies i de tercers (Google Analytics) per a millorar la seva experi\u00e8ncia d\u2019usuari i recollir dades estad\u00edstiques sobre l\u2019\u00fas del nostre web per part de tots els usuaris. Les cookies s\u2019associen \u00fanicament al navegador que est\u00e0 utilitzant, de manera que no emmagatzema cap tipus de dada&nbsp; personal sobre l\u2019usuari que visita la nostra p\u00e0gina web. Vost\u00e8 pot configurar el seu navegador per a que li notifiqui i\/o rebutgi la instal\u2022laci\u00f3 de les cookies, sense que aix\u00f2 perjudiqui la possibilitat de l\u2019usuari de poder accedir a les diferents zones del nostre web, excepte al servei de xat de suport t\u00e8cnic.<\/p>\n\n\n\n<p>Si navega pel nostre web, estar\u00e0 acceptant l\u2019\u00fas de les cookies en les condicions establertes en aquesta Pol\u00edtica de Cookies. Aquesta pol\u00edtica pot ser actualitzada, pel que el convidem a revisar-la de forma regular.<\/p>\n\n\n\n<p><strong>Qu\u00e8 s\u00f3n les cookies?<\/strong><strong><\/strong><\/p>\n\n\n\n<p><strong><\/strong><br>S\u00f3n petits fitxers de dades que el servidor d\u2019Internet envia al dispositiu amb el que es connecta als nostres webs i aquest s\u2019arxiva. S\u2019associen \u00fanicament al seu navegador i no proporcionen per s\u00ed mateixes dades personals. Les cookies no poden danyar el seu dispositiu i a m\u00e9s s\u00f3n molt \u00fatils, ja que ens ajuden a identificar i resoldre errors.<\/p>\n\n\n\n<p>Si vol m\u00e9s informaci\u00f3 sobre el seu funcionament, li recomanem visitar&nbsp;<a href=\"http:\/\/www.allaboutcookies.org\/\" target=\"_blank\" rel=\"noreferrer noopener\"><strong>www.allaboutcookies.org&nbsp;<\/strong><\/a>i&nbsp;<a href=\"http:\/\/www.youronlinechoices.eu\/es\/\" target=\"_blank\" rel=\"noreferrer noopener\"><strong>www.youronlinechoices.eu<\/strong><\/a><\/p>\n\n\n\n<p><strong>Cookies de xarxes socials<\/strong><strong><\/strong><\/p>\n\n\n\n<p><strong><\/strong><br>A la nostra p\u00e0gina web s\u2019inclouen botons que els usuaris poden utilitzar, de forma senzilla i intu\u00eftiva, per enlla\u00e7ar i compartir certs continguts a les xarxes socials com Facebook, Twitter, Google+, linkedin o pinterest. Aquesta funcionalitat comporta l\u2019\u00fas de cookies que enllacen amb aquestes p\u00e0gines web d\u2019aquests xarxes socials, emmagatzemant la informaci\u00f3 \u00fanicament en elles.<\/p>\n\n\n\n<p><strong>Configuraci\u00f3 de les cookies<\/strong><strong><\/strong><\/p>\n\n\n\n<p><strong><\/strong><br>Pot consultar les passes per a deshabilitar la instal\u2022laci\u00f3 de cookiees en la secci\u00f3 de \u201cAjuda\u201d del seu navegador: Microsoft Internet Explorer, Google Chrome, Safari, Mozilla Firefox i Opera.<\/p>\n\n\n\n<p>Molts navegadors permeten activar un mode privat mitjan\u00e7ant el qual les cookies s\u2019esborren sempre despr\u00e9s de la seva visita al web. Depenent de cada navegador aquest mode privat pot tenir diferents noms. A continuaci\u00f3 trobar\u00e0 una llista dels navegadors m\u00e9s comuns i els diferents noms d\u2019aquest \u201cmode privat\u201d.<\/p>\n\n\n\n<ul class=\"wp-block-list\">\n<li>Internet Explorer 8 i superior \u2013 InPrivate<\/li>\n\n\n\n<li>Microsoft Edge<\/li>\n\n\n\n<li>Opera 10.5 i superior \u2013 Navegaci\u00f3 Privada<\/li>\n\n\n\n<li>Google Chrome 10 i superior \u2013 Inc\u00f2gnit<\/li>\n\n\n\n<li>Safari 2 i superior \u2013 Navegaci\u00f3 Privada<\/li>\n\n\n\n<li>Firefox 3.5 i superior \u2013 Navegaci\u00f3 Privada<\/li>\n<\/ul>\n\n\n\n<p>A continuaci\u00f3 els detallem la relaci\u00f3 de cookies utilitzades per aquest lloc web.<\/p>\n\n\n\n<figure class=\"wp-block-table\"><table class=\"has-fixed-layout\"><thead><tr><th>Cookie<\/th><th>Tipus<\/th><th>Durada<\/th><th>Descripci\u00f3<\/th><\/tr><\/thead><tbody><tr><td>qsaw<\/td><td>Pr\u00f2pia<\/td><td>3 dies<\/td><td>Control d\u2019accessos des de Google Adwords<\/td><\/tr><tr><td>qsfb<\/td><td>Pr\u00f2pia<\/td><td>3 dies<\/td><td>Control d\u2019accessos des de Facebook<\/td><\/tr><tr><td>_utmc<\/td><td>De tercers<\/td><td>\u2013 Al finalitzar la sessi\u00f3 de navegaci\u00f3<\/td><td>Utilitzada per Google Analytics<\/td><\/tr><tr><td>_utmv<\/td><td>De tercers<\/td><td>6 mesos<\/td><td>Utilitzada per Google Analytics<\/td><\/tr><tr><td>_utmz<\/td><td>De tercers<\/td><td>2 anys<\/td><td>Utilitzada per Google Analytics<\/td><\/tr><tr><td>__utma<\/td><td>De tercers<\/td><td>2 anys<\/td><td>Utilitzada per Google Analytics<\/td><\/tr><tr><td>__utmb<\/td><td>De tercers<\/td><td>30 minuts<\/td><td>Utilitzada per Google Analytics<\/td><\/tr><\/tbody><\/table><\/figure>","protected":false},"excerpt":{"rendered":"<p>Uso de cookiesEn nuestro sitio web utilizamos cookies propias y terceros (Google Analytics) para mejorar tu experiencia de usuario y recoger datos estad\u00edsticos sobre el uso de nuestra web por parte de los usuarios. Las cookies se asocian \u00fanicamente al navegador que est\u00e1 utilizando, de modo que no se almacena ning\u00fan tipo de datos personales [&hellip;]<\/p>\n","protected":false},"author":1,"featured_media":0,"parent":0,"menu_order":0,"comment_status":"closed","ping_status":"closed","template":"","meta":{"footnotes":""},"class_list":["post-11329","page","type-page","status-publish","hentry"],"jetpack_sharing_enabled":true,"_links":{"self":[{"href":"http:\/\/pastisserialapalma.com\/cat\/wp-json\/wp\/v2\/pages\/11329","targetHints":{"allow":["GET"]}}],"collection":[{"href":"http:\/\/pastisserialapalma.com\/cat\/wp-json\/wp\/v2\/pages"}],"about":[{"href":"http:\/\/pastisserialapalma.com\/cat\/wp-json\/wp\/v2\/types\/page"}],"author":[{"embeddable":true,"href":"http:\/\/pastisserialapalma.com\/cat\/wp-json\/wp\/v2\/users\/1"}],"replies":[{"embeddable":true,"href":"http:\/\/pastisserialapalma.com\/cat\/wp-json\/wp\/v2\/comments?post=11329"}],"version-history":[{"count":1,"href":"http:\/\/pastisserialapalma.com\/cat\/wp-json\/wp\/v2\/pages\/11329\/revisions"}],"predecessor-version":[{"id":11330,"href":"http:\/\/pastisserialapalma.com\/cat\/wp-json\/wp\/v2\/pages\/11329\/revisions\/11330"}],"wp:attachment":[{"href":"http:\/\/pastisserialapalma.com\/cat\/wp-json\/wp\/v2\/media?parent=11329"}],"curies":[{"name":"wp","href":"https:\/\/api.w.org\/{rel}","templated":true}]}}